{"id":474,"date":"2017-04-17T23:53:06","date_gmt":"2017-04-17T21:53:06","guid":{"rendered":"http:\/\/www.mindstunt.com\/?page_id=474"},"modified":"2025-02-01T19:55:32","modified_gmt":"2025-02-01T17:55:32","slug":"webshop","status":"publish","type":"page","link":"https:\/\/www.mindstunt.com\/?page_id=474","title":{"rendered":"Web-shop"},"content":{"rendered":"\n<p><\/p>\n\n\n\n<p><\/p>\n\n\n\n<figure class=\"wp-block-image size-large is-resized\"><a href=\"https:\/\/www.mindstunt.com\/wp-content\/uploads\/2025\/02\/TrassladRodTrad2025.jpg\"><img loading=\"lazy\" decoding=\"async\" src=\"https:\/\/www.mindstunt.com\/wp-content\/uploads\/2025\/02\/TrassladRodTrad2025-1024x1024.jpg\" alt=\"\" class=\"wp-image-699\" width=\"284\" height=\"284\" srcset=\"https:\/\/www.mindstunt.com\/wp-content\/uploads\/2025\/02\/TrassladRodTrad2025-1024x1024.jpg 1024w, https:\/\/www.mindstunt.com\/wp-content\/uploads\/2025\/02\/TrassladRodTrad2025-300x300.jpg 300w, https:\/\/www.mindstunt.com\/wp-content\/uploads\/2025\/02\/TrassladRodTrad2025-150x150.jpg 150w, https:\/\/www.mindstunt.com\/wp-content\/uploads\/2025\/02\/TrassladRodTrad2025-768x768.jpg 768w, https:\/\/www.mindstunt.com\/wp-content\/uploads\/2025\/02\/TrassladRodTrad2025-1536x1536.jpg 1536w, https:\/\/www.mindstunt.com\/wp-content\/uploads\/2025\/02\/TrassladRodTrad2025.jpg 2048w\" sizes=\"auto, (max-width: 284px) 100vw, 284px\" \/><\/a><\/figure>\n\n\n\n<p><br><strong>Mindstunt &#8211; Trasslad R\u00f6d Tr\u00e5d (2025)<\/strong><br>Price: 130 sek <sub>( +29 sek for shipping)<\/sub><\/p>\n\n\n\n<style>.pp-AK8E4NDJ4FP3Y{text-align:center;border:none;border-radius:0.25rem;min-width:11.625rem;padding:0 2rem;height:2.625rem;font-weight:bold;background-color:#FFD140;color:#000000;font-family:\"Helvetica Neue\",Arial,sans-serif;font-size:1rem;line-height:1.25rem;cursor:pointer;}<\/style>\n<form action=\"https:\/\/www.paypal.com\/ncp\/payment\/AK8E4NDJ4FP3Y\" method=\"post\" target=\"_blank\" style=\"display:inline-grid;justify-items:center;align-content:start;gap:0.5rem;\">\n  <input class=\"pp-AK8E4NDJ4FP3Y\" type=\"submit\" value=\"K\u00f6p nu\" \/>\n  <img src=https:\/\/www.paypalobjects.com\/images\/Debit_Credit_APM.svg alt=\"cards\" \/>\n  <section> Tillhandah\u00e5lls av <img decoding=\"async\" src=\"https:\/\/www.paypalobjects.com\/paypal-ui\/logos\/svg\/paypal-wordmark-color.svg\" alt=\"paypal\" style=\"height:0.875rem;vertical-align:middle;\"\/><\/section>\n<\/form>\n\n\n\n<br><hr>\n\n\n\n<p><\/p>\n\n\n\n<p><\/p>\n\n\n\n<figure class=\"wp-block-image size-large\"><img loading=\"lazy\" decoding=\"async\" width=\"280\" height=\"280\" src=\"http:\/\/www.mindstunt.com\/wp-content\/uploads\/2020\/11\/mindstunt-lagre-kvallite.jpg\" alt=\"\" class=\"wp-image-633\" srcset=\"https:\/\/www.mindstunt.com\/wp-content\/uploads\/2020\/11\/mindstunt-lagre-kvallite.jpg 280w, https:\/\/www.mindstunt.com\/wp-content\/uploads\/2020\/11\/mindstunt-lagre-kvallite-150x150.jpg 150w\" sizes=\"auto, (max-width: 280px) 100vw, 280px\" \/><\/figure>\n\n\n\n<p><strong>Mindstunt &#8211; Mindstunt (2020) Double album, 2 CDs in jewelcase<\/strong> <\/p>\n\n\n\n<p>Price: 130 sek <sub>( +29 sek for shipping)<\/sub><\/p>\n\n\n\n<br>\n\n\n\n<style>.pp-3N3SRLWTRV7AS{text-align:center;border:none;border-radius:0.25rem;min-width:11.625rem;padding:0 2rem;height:2.625rem;font-weight:bold;background-color:#FFD140;color:#000000;font-family:\"Helvetica Neue\",Arial,sans-serif;font-size:1rem;line-height:1.25rem;cursor:pointer;}<\/style>\n<form action=\"https:\/\/www.paypal.com\/ncp\/payment\/3N3SRLWTRV7AS\" method=\"post\" target=\"_blank\" style=\"display:inline-grid;justify-items:center;align-content:start;gap:0.5rem;\">\n  <input class=\"pp-3N3SRLWTRV7AS\" type=\"submit\" value=\"K\u00f6p nu\" \/>\n  <img src=https:\/\/www.paypalobjects.com\/images\/Debit_Credit_APM.svg alt=\"cards\" \/>\n  <section> Tillhandah\u00e5lls av <img decoding=\"async\" src=\"https:\/\/www.paypalobjects.com\/paypal-ui\/logos\/svg\/paypal-wordmark-color.svg\" alt=\"paypal\" style=\"height:0.875rem;vertical-align:middle;\"\/><\/section>\n<\/form>\n\n\n\n<p><\/p>\n\n\n\n<br><hr>\n\n\n\n<br>\n\n\n\n<figure class=\"wp-block-image size-large is-resized\"><img loading=\"lazy\" decoding=\"async\" src=\"http:\/\/www.mindstunt.com\/wp-content\/uploads\/2020\/11\/Bright-Morning-framsida-TEXT2-2-1024x961.jpg\" alt=\"\" class=\"wp-image-602\" width=\"292\" height=\"274\" srcset=\"https:\/\/www.mindstunt.com\/wp-content\/uploads\/2020\/11\/Bright-Morning-framsida-TEXT2-2-1024x961.jpg 1024w, https:\/\/www.mindstunt.com\/wp-content\/uploads\/2020\/11\/Bright-Morning-framsida-TEXT2-2-300x282.jpg 300w, https:\/\/www.mindstunt.com\/wp-content\/uploads\/2020\/11\/Bright-Morning-framsida-TEXT2-2-768x721.jpg 768w, https:\/\/www.mindstunt.com\/wp-content\/uploads\/2020\/11\/Bright-Morning-framsida-TEXT2-2-1536x1442.jpg 1536w, https:\/\/www.mindstunt.com\/wp-content\/uploads\/2020\/11\/Bright-Morning-framsida-TEXT2-2-2048x1922.jpg 2048w, https:\/\/www.mindstunt.com\/wp-content\/uploads\/2020\/11\/Bright-Morning-framsida-TEXT2-2-320x300.jpg 320w\" sizes=\"auto, (max-width: 292px) 100vw, 292px\" \/><\/figure>\n\n\n\n<p><\/p>\n\n\n\n<br>\n\n\n\n<p class=\"has-text-align-left\"><strong>Mindstunt &#8211; Bright Morning (2014) CD in jewelcase<\/strong><br>Price: 130 sek <sub>( +29 sek for shipping)<\/sub><\/p>\n\n\n\n<p><\/p>\n\n\n\n<style>.pp-TCSNCB7TNHVEY{text-align:center;border:none;border-radius:0.25rem;min-width:11.625rem;padding:0 2rem;height:2.625rem;font-weight:bold;background-color:#FFD140;color:#000000;font-family:\"Helvetica Neue\",Arial,sans-serif;font-size:1rem;line-height:1.25rem;cursor:pointer;}<\/style>\n<form action=\"https:\/\/www.paypal.com\/ncp\/payment\/TCSNCB7TNHVEY\" method=\"post\" target=\"_blank\" style=\"display:inline-grid;justify-items:center;align-content:start;gap:0.5rem;\">\n  <input class=\"pp-TCSNCB7TNHVEY\" type=\"submit\" value=\"K\u00f6p nu\" \/>\n  <img src=https:\/\/www.paypalobjects.com\/images\/Debit_Credit_APM.svg alt=\"cards\" \/>\n  <section> Tillhandah\u00e5lls av <img decoding=\"async\" src=\"https:\/\/www.paypalobjects.com\/paypal-ui\/logos\/svg\/paypal-wordmark-color.svg\" alt=\"paypal\" style=\"height:0.875rem;vertical-align:middle;\"\/><\/section>\n<\/form>\n\n\n\n<br><br><hr><br>\n\n\n\n<p><\/p>\n\n\n\n<figure class=\"wp-block-image\"><a href=\"http:\/\/mindstunt.com\/wp-content\/uploads\/2017\/04\/17918330_2277073342518701_983887595_n.jpg\"><img loading=\"lazy\" decoding=\"async\" width=\"300\" height=\"297\" src=\"http:\/\/www.mindstunt.com\/wp-content\/uploads\/2017\/04\/17918330_2277073342518701_983887595_n-300x297.jpg\" alt=\"\" class=\"wp-image-483\" srcset=\"https:\/\/www.mindstunt.com\/wp-content\/uploads\/2017\/04\/17918330_2277073342518701_983887595_n-300x297.jpg 300w, https:\/\/www.mindstunt.com\/wp-content\/uploads\/2017\/04\/17918330_2277073342518701_983887595_n-150x150.jpg 150w, https:\/\/www.mindstunt.com\/wp-content\/uploads\/2017\/04\/17918330_2277073342518701_983887595_n-303x300.jpg 303w, https:\/\/www.mindstunt.com\/wp-content\/uploads\/2017\/04\/17918330_2277073342518701_983887595_n.jpg 800w\" sizes=\"auto, (max-width: 300px) 100vw, 300px\" \/><\/a><\/figure>\n\n\n\n<p><\/p>\n\n\n\n<br><br>\n\n\n\n<p><strong>Mindstunt &#8211; For What It&#8217;s Worth (2017) CD with slipcase<\/strong><br>Price: 130 sek ( +29 sek for shipping)<\/p>\n\n\n\n<p><\/p>\n\n\n\n<style>.pp-VQ8BJSXLM3HNL{text-align:center;border:none;border-radius:0.25rem;min-width:11.625rem;padding:0 2rem;height:2.625rem;font-weight:bold;background-color:#FFD140;color:#000000;font-family:\"Helvetica Neue\",Arial,sans-serif;font-size:1rem;line-height:1.25rem;cursor:pointer;}<\/style>\n<form action=\"https:\/\/www.paypal.com\/ncp\/payment\/VQ8BJSXLM3HNL\" method=\"post\" target=\"_blank\" style=\"display:inline-grid;justify-items:center;align-content:start;gap:0.5rem;\">\n  <input class=\"pp-VQ8BJSXLM3HNL\" type=\"submit\" value=\"K\u00f6p nu\" \/>\n  <img src=https:\/\/www.paypalobjects.com\/images\/Debit_Credit_APM.svg alt=\"cards\" \/>\n  <section> Tillhandah\u00e5lls av <img decoding=\"async\" src=\"https:\/\/www.paypalobjects.com\/paypal-ui\/logos\/svg\/paypal-wordmark-color.svg\" alt=\"paypal\" style=\"height:0.875rem;vertical-align:middle;\"\/><\/section>\n<\/form>\n\n\n\n<p><\/p>\n\n\n\n<br><hr><br>\n\n\n\n<p><\/p>\n\n\n\n<figure class=\"wp-block-image\"><a href=\"http:\/\/mindstunt.com\/wp-content\/uploads\/2017\/04\/17918180_2277073532518682_819835820_n.jpg\"><img loading=\"lazy\" decoding=\"async\" width=\"300\" height=\"300\" src=\"http:\/\/www.mindstunt.com\/wp-content\/uploads\/2017\/04\/17918180_2277073532518682_819835820_n-300x300.jpg\" alt=\"\" class=\"wp-image-482\" srcset=\"https:\/\/www.mindstunt.com\/wp-content\/uploads\/2017\/04\/17918180_2277073532518682_819835820_n-300x300.jpg 300w, https:\/\/www.mindstunt.com\/wp-content\/uploads\/2017\/04\/17918180_2277073532518682_819835820_n-150x150.jpg 150w, https:\/\/www.mindstunt.com\/wp-content\/uploads\/2017\/04\/17918180_2277073532518682_819835820_n.jpg 800w\" sizes=\"auto, (max-width: 300px) 100vw, 300px\" \/><\/a><\/figure>\n\n\n\n<p><\/p>\n\n\n\n<p><strong>Mindstunt &#8211; Esoterica (2012) CD<\/strong><br>Price: 100 sek ( +29 sek for shipping)<\/p>\n\n\n\n<style>.pp-UTZDZPG43M84A{text-align:center;border:none;border-radius:0.25rem;min-width:11.625rem;padding:0 2rem;height:2.625rem;font-weight:bold;background-color:#FFD140;color:#000000;font-family:\"Helvetica Neue\",Arial,sans-serif;font-size:1rem;line-height:1.25rem;cursor:pointer;}<\/style>\n<form action=\"https:\/\/www.paypal.com\/ncp\/payment\/UTZDZPG43M84A\" method=\"post\" target=\"_blank\" style=\"display:inline-grid;justify-items:center;align-content:start;gap:0.5rem;\">\n  <input class=\"pp-UTZDZPG43M84A\" type=\"submit\" value=\"K\u00f6p nu\" \/>\n  <img src=https:\/\/www.paypalobjects.com\/images\/Debit_Credit_APM.svg alt=\"cards\" \/>\n  <section> Tillhandah\u00e5lls av <img decoding=\"async\" src=\"https:\/\/www.paypalobjects.com\/paypal-ui\/logos\/svg\/paypal-wordmark-color.svg\" alt=\"paypal\" style=\"height:0.875rem;vertical-align:middle;\"\/><\/section>\n<\/form>\n\n\n\n<p><\/p>\n\n\n\n<br><hr>\n","protected":false},"excerpt":{"rendered":"<p>Mindstunt &#8211; Trasslad R\u00f6d Tr\u00e5d (2025)Price: 130 sek ( +29 sek for shipping) Tillhandah\u00e5lls av Mindstunt &#8211; Mindstunt (2020) Double album, 2 CDs in jewelcase Price: 130 sek ( +29 sek for shipping) Tillhandah\u00e5lls av Mindstunt &#8211; Bright Morning (2014) &hellip; <a class=\"more-link\" href=\"https:\/\/www.mindstunt.com\/?page_id=474\">L\u00e4s mer <span class=\"meta-nav\">&rarr;<\/span><\/a><\/p>\n","protected":false},"author":1,"featured_media":0,"parent":0,"menu_order":0,"comment_status":"closed","ping_status":"open","template":"","meta":{"footnotes":""},"class_list":["post-474","page","type-page","status-publish","hentry"],"_links":{"self":[{"href":"https:\/\/www.mindstunt.com\/index.php?rest_route=\/wp\/v2\/pages\/474","targetHints":{"allow":["GET"]}}],"collection":[{"href":"https:\/\/www.mindstunt.com\/index.php?rest_route=\/wp\/v2\/pages"}],"about":[{"href":"https:\/\/www.mindstunt.com\/index.php?rest_route=\/wp\/v2\/types\/page"}],"author":[{"embeddable":true,"href":"https:\/\/www.mindstunt.com\/index.php?rest_route=\/wp\/v2\/users\/1"}],"replies":[{"embeddable":true,"href":"https:\/\/www.mindstunt.com\/index.php?rest_route=%2Fwp%2Fv2%2Fcomments&post=474"}],"version-history":[{"count":60,"href":"https:\/\/www.mindstunt.com\/index.php?rest_route=\/wp\/v2\/pages\/474\/revisions"}],"predecessor-version":[{"id":724,"href":"https:\/\/www.mindstunt.com\/index.php?rest_route=\/wp\/v2\/pages\/474\/revisions\/724"}],"wp:attachment":[{"href":"https:\/\/www.mindstunt.com\/index.php?rest_route=%2Fwp%2Fv2%2Fmedia&parent=474"}],"curies":[{"name":"wp","href":"https:\/\/api.w.org\/{rel}","templated":true}]}}